{"id":2713,"date":"2013-01-06T14:19:52","date_gmt":"2013-01-06T13:19:52","guid":{"rendered":"http:\/\/www.buonaforchetta.ch\/?page_id=2713"},"modified":"2025-11-07T22:54:49","modified_gmt":"2025-11-07T21:54:49","slug":"ristoratori","status":"publish","type":"page","link":"http:\/\/www.buonaforchetta.ch\/cms\/ristoratori","title":{"rendered":"Partenariato"},"content":{"rendered":"<div class=\"fusion-fullwidth fullwidth-box fusion-builder-row-1 nonhundred-percent-fullwidth non-hundred-percent-height-scrolling\" style=\"background-color: rgba(255,255,255,0);background-position: center center;background-repeat: no-repeat;padding-top:0px;padding-right:0px;padding-bottom:0px;padding-left:0px;margin-bottom: 0px;margin-top: 0px;border-width: 0px 0px 0px 0px;border-color:#eae9e9;border-style:solid;\" ><div class=\"fusion-builder-row fusion-row\"><div class=\"fusion-layout-column fusion_builder_column fusion-builder-column-0 fusion_builder_column_1_1 1_1 fusion-one-full fusion-column-first fusion-column-last\" style=\"margin-top:0px;margin-bottom:0px;\"><div class=\"fusion-column-wrapper fusion-flex-column-wrapper-legacy\" style=\"background-position:left top;background-repeat:no-repeat;-webkit-background-size:cover;-moz-background-size:cover;-o-background-size:cover;background-size:cover;padding: 0px 0px 0px 0px;\"><div class=\"fusion-text fusion-text-1\"><p><img decoding=\"async\" class=\"aligncenter size-full wp-image-3283\" src=\"\/cms\/wp-content\/uploads\/2013\/02\/partenariato_a-e1384308452582.jpg\" alt=\"ristoratori_a\" width=\"100%\" height=\"500\" srcset=\"http:\/\/www.buonaforchetta.ch\/cms\/wp-content\/uploads\/2013\/02\/partenariato_a-e1384308452582-150x53.jpg 150w, http:\/\/www.buonaforchetta.ch\/cms\/wp-content\/uploads\/2013\/02\/partenariato_a-e1384308452582-300x107.jpg 300w, http:\/\/www.buonaforchetta.ch\/cms\/wp-content\/uploads\/2013\/02\/partenariato_a-e1384308452582.jpg 972w\" sizes=\"(max-width: 972px) 100vw, 972px\" \/><\/p>\n<div class=\"title\">\n<h2><span style=\"color: #ff6600;\"><strong>Richiesta di partenariato<\/strong> <\/span><\/h2>\n<\/div>\n<\/div><div class=\"fusion-builder-row fusion-builder-row-inner fusion-row\"><div class=\"fusion-layout-column fusion_builder_column_inner fusion-builder-nested-column-0 fusion_builder_column_inner_1_2 1_2 fusion-one-half fusion-column-first\" style=\"width:50%;width:calc(50% - ( ( 4% ) * 0.5 ) );margin-right: 4%;margin-top:0px;margin-bottom:20px;\"><div class=\"fusion-column-wrapper fusion-flex-column-wrapper-legacy\" style=\"background-position:left top;background-repeat:no-repeat;-webkit-background-size:cover;-moz-background-size:cover;-o-background-size:cover;background-size:cover;padding: 0px 0px 0px 0px;\"><div class=\"fusion-text fusion-text-2\"><p style=\"text-align: justify;\">Stimati ristoratori, buonaforchetta \u00e8 un <strong>concetto unico nel contesto della ristorazione ticinese. Non si tratta di pubblicit\u00e0 fine a s\u00e9 stessa, n\u00e9 di una guida a scopo di recensione o critica gastronomica.<\/strong><\/p>\n<p style=\"text-align: justify;\">\u00c8 invece <strong>l\u2019attrattiva dei vantaggi proposti ai clienti<\/strong> (riduzione fino al 50% sulle portate servite durante un pranzo o una cena) che spinge i detentori del nostro pass buonaforchetta <strong>alla scoperta di meritevoli mete gastronomiche, quali i ristoranti nostri partner.<\/strong><\/p>\n<p style=\"text-align: justify;\">Buonaforchetta \u00e8 dunque per gli amanti della buona tavola <strong>l\u2019occasione pi\u00f9 attrattiva per scoprirvi<\/strong>; d\u2019altra parte vuole essere per voi un <strong>modo concreto e tangibile di fidelizzare una nuova clientela!<\/strong><\/p>\n<\/div><div class=\"fusion-clearfix\"><\/div><\/div><\/div><div class=\"fusion-layout-column fusion_builder_column_inner fusion-builder-nested-column-1 fusion_builder_column_inner_1_2 1_2 fusion-one-half fusion-column-last\" style=\"width:50%;width:calc(50% - ( ( 4% ) * 0.5 ) );margin-top:0px;margin-bottom:20px;\"><div class=\"fusion-column-wrapper fusion-flex-column-wrapper-legacy\" style=\"background-position:left top;background-repeat:no-repeat;-webkit-background-size:cover;-moz-background-size:cover;-o-background-size:cover;background-size:cover;padding: 0px 0px 0px 0px;\"><div class=\"fusion-text fusion-text-3\"><p style=\"text-align: justify;\">Desiderate figurare anche voi tra i <span style=\"color: #ff6600;\"><a style=\"color: #ff6600;\" href=\"http:\/\/www.buonaforchetta.ch\/cms\/ristoranti\/elenco-2017\"><strong>ristoranti<\/strong><\/a><\/span> nostri partner proposti nella guida cartacea, il pass buonaforchetta, ed essere <strong>presentato e reperibile<\/strong> grazie al nostro dinamico sito internet ?<\/p>\n<p style=\"text-align: justify;\">Il contratto di partenariato \u00e8 annuale e lo potrete rinnovare a vostro piacimento, dopo aver valutato se il ritorno \u00e8 per voi interessante.<\/p>\n<p style=\"text-align: justify;\">Allora che aspettate? <strong>Non esitate a contattarci.<\/strong> Saremo lieti di rispondervi e comunicarvi le condizioni per la vostra iscrizione.<\/p>\n<\/div><div class=\"fusion-clearfix\"><\/div><\/div><\/div><\/div><div class=\"fusion-text fusion-text-4\"><div id=\"iphorm-outer-69e1821577580\" class=\"iphorm-outer iphorm-outer-2 iphorm-uniform-theme-default\" >\n    <script type=\"text\/javascript\">\n        jQuery(document).ready(function($) {\n                        $('#iphorm-69e1821577580').iPhorm({\"id\":2,\"uniqueId\":\"69e1821577580\",\"useAjax\":true,\"successMessageTimeout\":10,\"resetFormValues\":\"\",\"clElementIds\":[],\"clDependentElementIds\":[],\"centerFancybox\":true,\"centerFancyboxSpeed\":true});\n                        if ($.isFunction($.fn.qtip)) {\n                $('.iphorm-tooltip-hover', iPhorm.instance.$form).qtip({\n                    style: {\n                        classes: 'qtip-plain qtip-shadow'\n                    },\n                    position: {\n                        my: 'left center',\n                        at: 'right center',\n                        viewport: $(window),\n                        adjust: {\n                            method: 'shift'\n                        }\n                    }\n                });\n                $('.iphorm-tooltip-click', iPhorm.instance.$form).qtip({\n                    style: {\n                        classes: 'qtip-plain qtip-shadow'\n                    },\n                    position: {\n                        my: 'left center',\n                        at: 'right center',\n                        viewport: $(window),\n                        adjust: {\n                            method: 'shift'\n                        }\n                    },\n                    show: {\n                        event: 'focus'\n                    },\n                    hide: {\n                        event: 'unfocus'\n                    }\n                });\n                $('.iphorm-tooltip-icon-hover', iPhorm.instance.$form).qtip({\n                    style: {\n                        classes: 'qtip-plain qtip-shadow'\n                    },\n                    position: {\n                        my: 'left center',\n                        at: 'right center',\n                        viewport: $(window),\n                        adjust: {\n                            method: 'shift'\n                        }\n                    },\n                    content: {\n                        text: function (api) {\n                            return $(this).find('.iphorm-tooltip-icon-content').html();\n                        }\n                    }\n                });\n                $('.iphorm-tooltip-icon-click', iPhorm.instance.$form).qtip({\n                    style: {\n                        classes: 'qtip-plain qtip-shadow'\n                    },\n                    position: {\n                        my: 'left center',\n                        at: 'right center',\n                        viewport: $(window),\n                        adjust: {\n                            method: 'shift'\n                        }\n                    },\n                    show: {\n                        event: 'click'\n                    },\n                    hide: {\n                        event: 'unfocus'\n                    },\n                    content: {\n                        text: function (api) {\n                            return $(this).find('.iphorm-tooltip-icon-content').html();\n                        }\n                    }\n                });\n                $('.iphorm-labels-inside > .iphorm-element-spacer > label').hover(function () {\n                    $(this).siblings('.iphorm-input-wrap').find('.iphorm-tooltip-hover').qtip('show');\n                }, function () {\n                    $(this).siblings('.iphorm-input-wrap').find('.iphorm-tooltip-hover').qtip('hide');\n                });\n            }\n                                    if ($.isFunction($.fn.uniform)) {\n                $('select, input:checkbox, input:radio', iPhorm.instance.$form).uniform({context: iPhorm.instance.$form, selectAutoWidth: false});\n            }\n                        if ($.isFunction($.fn.inFieldLabels)) {\n                $('.iphorm-labels-inside:not(.iphorm-element-wrap-recaptcha) > .iphorm-element-spacer > label', iPhorm.instance.$form).inFieldLabels();\n            }\n                        $('.iphorm-group-row > div:last-child:not(:first-child)', iPhorm.instance.$form).add('.iphorm-group-row:last-child', iPhorm.instance.$form).addClass('last-child');\n                    });\n    <\/script>\n    <form id=\"iphorm-69e1821577580\" class=\"iphorm iphorm-form-2\" action=\"\/cms\/wp-json\/wp\/v2\/pages\/2713#iphorm-69e1821577580\" method=\"post\" enctype=\"multipart\/form-data\" novalidate=\"novalidate\">\n        <div class=\"iphorm-inner iphorm-inner-2\" >\n            <input type=\"hidden\" name=\"iphorm_id\" value=\"2\" \/>\n            <input type=\"hidden\" name=\"iphorm_uid\" value=\"69e1821577580\" \/>\n            <input type=\"hidden\" name=\"form_url\" value=\"http:\/\/www.buonaforchetta.ch\/cms\/wp-json\/wp\/v2\/pages\/2713\" \/>\n            <input type=\"hidden\" name=\"referring_url\" value=\"\" \/>\n            <input type=\"hidden\" name=\"post_id\" value=\"\" \/>\n            <input type=\"hidden\" name=\"post_title\" value=\"\" \/>\n                                        <p class=\"iphorm-description\" >I suoi dati personali non saranno conservati nel nostro database e non verranno inviati a terzi.<\/p>\n                                                            <div class=\"iphorm-success-message iphorm-hidden\" ><\/div>\n                                        <div class=\"iphorm-elements iphorm-elements-2 iphorm-clearfix\" >\n                <div class=\"iphorm-element-wrap iphorm-element-wrap-radio iphorm_2_1-element-wrap iphorm-clearfix iphorm-labels-above iphorm-element-required\" >\n    <div class=\"iphorm-element-spacer iphorm-element-spacer-radio iphorm_2_1-element-spacer\">\n        <label class=\"iphorm_2_1-outer-label\" >\u00c8 la prima volta che ci contatta?<span class=\"iphorm-required\">(richiesto)<\/span><\/label>        <div class=\"iphorm-input-wrap iphorm-input-wrap-radio iphorm_2_1-input-wrap\" >\n            <div class=\"iphorm-input-ul iphorm-input-radio-ul iphorm_2_1-input-radio-ul iphorm-options-block iphorm-clearfix\" >\n                            <div class=\"iphorm-input-li iphorm-input-radio-li iphorm_2_1-input-li\" >\n                    <label for=\"iphorm_2_1_69e1821577580_1\"  class=\"iphorm_2_1_1_label\">\n                        <input class=\"iphorm-element-radio iphorm_2_1 iphorm_2_1_1\" type=\"radio\" name=\"iphorm_2_1\" id=\"iphorm_2_1_69e1821577580_1\" value=\"Si\"  \/>\n                        Si                    <\/label>\n                <\/div>\n                            <div class=\"iphorm-input-li iphorm-input-radio-li iphorm_2_1-input-li\" >\n                    <label for=\"iphorm_2_1_69e1821577580_2\"  class=\"iphorm_2_1_2_label\">\n                        <input class=\"iphorm-element-radio iphorm_2_1 iphorm_2_1_2\" type=\"radio\" name=\"iphorm_2_1\" id=\"iphorm_2_1_69e1821577580_2\" value=\"No\"  \/>\n                        No                    <\/label>\n                <\/div>\n                        <\/div>\n                    <\/div>\n        <div class=\"iphorm-errors-wrap iphorm-hidden\" >\r\n    <\/div>    <\/div>\n<\/div><div class=\"iphorm-element-wrap iphorm-element-wrap-text iphorm_2_2-element-wrap iphorm-clearfix iphorm-labels-above iphorm-element-required\" >\n    <div class=\"iphorm-element-spacer iphorm-element-spacer-text iphorm_2_2-element-spacer\">\n        <label for=\"iphorm_2_2_69e1821577580\" class=\"iphorm_2_2-outer-label\" >Nome Ristorante<span class=\"iphorm-required\">(richiesto)<\/span><\/label>        <div class=\"iphorm-input-wrap iphorm-input-wrap-text iphorm_2_2-input-wrap\" >\n            <input class=\"iphorm-element-text  iphorm_2_2\" id=\"iphorm_2_2_69e1821577580\" type=\"text\" name=\"iphorm_2_2\"  value=\"\"  \/>\n                    <\/div>\n        <div class=\"iphorm-errors-wrap iphorm-hidden\" >\r\n    <\/div>    <\/div>\n    <\/div><div class=\"iphorm-element-wrap iphorm-element-wrap-text iphorm_2_3-element-wrap iphorm-clearfix iphorm-labels-above iphorm-element-required\" >\n    <div class=\"iphorm-element-spacer iphorm-element-spacer-text iphorm_2_3-element-spacer\">\n        <label for=\"iphorm_2_3_69e1821577580\" class=\"iphorm_2_3-outer-label\" >Nome<span class=\"iphorm-required\">(richiesto)<\/span><\/label>        <div class=\"iphorm-input-wrap iphorm-input-wrap-text iphorm_2_3-input-wrap\" >\n            <input class=\"iphorm-element-text  iphorm_2_3\" id=\"iphorm_2_3_69e1821577580\" type=\"text\" name=\"iphorm_2_3\"  value=\"\"  \/>\n                    <\/div>\n        <div class=\"iphorm-errors-wrap iphorm-hidden\" >\r\n    <\/div>    <\/div>\n    <\/div><div class=\"iphorm-element-wrap iphorm-element-wrap-text iphorm_2_4-element-wrap iphorm-clearfix iphorm-labels-above iphorm-element-required\" >\n    <div class=\"iphorm-element-spacer iphorm-element-spacer-text iphorm_2_4-element-spacer\">\n        <label for=\"iphorm_2_4_69e1821577580\" class=\"iphorm_2_4-outer-label\" >Cognome<span class=\"iphorm-required\">(richiesto)<\/span><\/label>        <div class=\"iphorm-input-wrap iphorm-input-wrap-text iphorm_2_4-input-wrap\" >\n            <input class=\"iphorm-element-text  iphorm_2_4\" id=\"iphorm_2_4_69e1821577580\" type=\"text\" name=\"iphorm_2_4\"  value=\"\"  \/>\n                    <\/div>\n        <div class=\"iphorm-errors-wrap iphorm-hidden\" >\r\n    <\/div>    <\/div>\n    <\/div><div class=\"iphorm-element-wrap iphorm-element-wrap-radio iphorm_2_5-element-wrap iphorm-clearfix iphorm-labels-above iphorm-element-required\" >\n    <div class=\"iphorm-element-spacer iphorm-element-spacer-radio iphorm_2_5-element-spacer\">\n        <label class=\"iphorm_2_5-outer-label\" >Sono il\/la:<span class=\"iphorm-required\">(richiesto)<\/span><\/label>        <div class=\"iphorm-input-wrap iphorm-input-wrap-radio iphorm_2_5-input-wrap\" >\n            <div class=\"iphorm-input-ul iphorm-input-radio-ul iphorm_2_5-input-radio-ul iphorm-options-block iphorm-clearfix\" >\n                            <div class=\"iphorm-input-li iphorm-input-radio-li iphorm_2_5-input-li\" >\n                    <label for=\"iphorm_2_5_69e1821577580_1\"  class=\"iphorm_2_5_1_label\">\n                        <input class=\"iphorm-element-radio iphorm_2_5 iphorm_2_5_1\" type=\"radio\" name=\"iphorm_2_5\" id=\"iphorm_2_5_69e1821577580_1\" value=\"Gerente\"  \/>\n                        Gerente                    <\/label>\n                <\/div>\n                            <div class=\"iphorm-input-li iphorm-input-radio-li iphorm_2_5-input-li\" >\n                    <label for=\"iphorm_2_5_69e1821577580_2\"  class=\"iphorm_2_5_2_label\">\n                        <input class=\"iphorm-element-radio iphorm_2_5 iphorm_2_5_2\" type=\"radio\" name=\"iphorm_2_5\" id=\"iphorm_2_5_69e1821577580_2\" value=\"Gestore\"  \/>\n                        Gestore                    <\/label>\n                <\/div>\n                            <div class=\"iphorm-input-li iphorm-input-radio-li iphorm_2_5-input-li\" >\n                    <label for=\"iphorm_2_5_69e1821577580_3\"  class=\"iphorm_2_5_3_label\">\n                        <input class=\"iphorm-element-radio iphorm_2_5 iphorm_2_5_3\" type=\"radio\" name=\"iphorm_2_5\" id=\"iphorm_2_5_69e1821577580_3\" value=\"Proprietario\/a\"  \/>\n                        Proprietario\/a                    <\/label>\n                <\/div>\n                        <\/div>\n                    <\/div>\n        <div class=\"iphorm-errors-wrap iphorm-hidden\" >\r\n    <\/div>    <\/div>\n<\/div><div class=\"iphorm-element-wrap iphorm-element-wrap-text iphorm_2_6-element-wrap iphorm-clearfix iphorm-labels-above iphorm-element-required\" >\n    <div class=\"iphorm-element-spacer iphorm-element-spacer-text iphorm_2_6-element-spacer\">\n        <label for=\"iphorm_2_6_69e1821577580\" class=\"iphorm_2_6-outer-label\" >Indirizzo del ristorante:<span class=\"iphorm-required\">(richiesto)<\/span><\/label>        <div class=\"iphorm-input-wrap iphorm-input-wrap-text iphorm_2_6-input-wrap\" >\n            <input class=\"iphorm-element-text  iphorm_2_6\" id=\"iphorm_2_6_69e1821577580\" type=\"text\" name=\"iphorm_2_6\"  value=\"\"  \/>\n                    <\/div>\n        <div class=\"iphorm-errors-wrap iphorm-hidden\" >\r\n    <\/div>    <\/div>\n    <\/div><div class=\"iphorm-element-wrap iphorm-element-wrap-text iphorm_2_13-element-wrap iphorm-clearfix iphorm-labels-above iphorm-element-required\" >\n    <div class=\"iphorm-element-spacer iphorm-element-spacer-text iphorm_2_13-element-spacer\">\n        <label for=\"iphorm_2_13_69e1821577580\" class=\"iphorm_2_13-outer-label\" >Paese \/ Citt\u00e0<span class=\"iphorm-required\">(richiesto)<\/span><\/label>        <div class=\"iphorm-input-wrap iphorm-input-wrap-text iphorm_2_13-input-wrap\" >\n            <input class=\"iphorm-element-text  iphorm_2_13\" id=\"iphorm_2_13_69e1821577580\" type=\"text\" name=\"iphorm_2_13\"  value=\"\"  \/>\n                    <\/div>\n        <div class=\"iphorm-errors-wrap iphorm-hidden\" >\r\n    <\/div>    <\/div>\n    <\/div><div class=\"iphorm-element-wrap iphorm-element-wrap-text iphorm_2_7-element-wrap iphorm-clearfix iphorm-labels-above iphorm-element-required\" >\n    <div class=\"iphorm-element-spacer iphorm-element-spacer-text iphorm_2_7-element-spacer\">\n        <label for=\"iphorm_2_7_69e1821577580\" class=\"iphorm_2_7-outer-label\" >CAP<span class=\"iphorm-required\">(richiesto)<\/span><\/label>        <div class=\"iphorm-input-wrap iphorm-input-wrap-text iphorm_2_7-input-wrap\" >\n            <input class=\"iphorm-element-text  iphorm_2_7\" id=\"iphorm_2_7_69e1821577580\" type=\"text\" name=\"iphorm_2_7\"  value=\"\"  \/>\n                    <\/div>\n        <div class=\"iphorm-errors-wrap iphorm-hidden\" >\r\n    <\/div>    <\/div>\n    <\/div><div class=\"iphorm-element-wrap iphorm-element-wrap-radio iphorm_2_8-element-wrap iphorm-clearfix iphorm-labels-above iphorm-element-required\" >\n    <div class=\"iphorm-element-spacer iphorm-element-spacer-radio iphorm_2_8-element-spacer\">\n        <label class=\"iphorm_2_8-outer-label\" >Luogo (solo Svizzera):<span class=\"iphorm-required\">(richiesto)<\/span><\/label>        <div class=\"iphorm-input-wrap iphorm-input-wrap-radio iphorm_2_8-input-wrap\" >\n            <div class=\"iphorm-input-ul iphorm-input-radio-ul iphorm_2_8-input-radio-ul iphorm-options-block iphorm-clearfix\" >\n                            <div class=\"iphorm-input-li iphorm-input-radio-li iphorm_2_8-input-li\" >\n                    <label for=\"iphorm_2_8_69e1821577580_1\"  class=\"iphorm_2_8_1_label\">\n                        <input class=\"iphorm-element-radio iphorm_2_8 iphorm_2_8_1\" type=\"radio\" name=\"iphorm_2_8\" id=\"iphorm_2_8_69e1821577580_1\" value=\"Ticino\"  \/>\n                        Ticino                    <\/label>\n                <\/div>\n                            <div class=\"iphorm-input-li iphorm-input-radio-li iphorm_2_8-input-li\" >\n                    <label for=\"iphorm_2_8_69e1821577580_2\"  class=\"iphorm_2_8_2_label\">\n                        <input class=\"iphorm-element-radio iphorm_2_8 iphorm_2_8_2\" type=\"radio\" name=\"iphorm_2_8\" id=\"iphorm_2_8_69e1821577580_2\" value=\"GR (Moesano)\"  \/>\n                        GR (Moesano)                    <\/label>\n                <\/div>\n                        <\/div>\n                    <\/div>\n        <div class=\"iphorm-errors-wrap iphorm-hidden\" >\r\n    <\/div>    <\/div>\n<\/div><div class=\"iphorm-element-wrap iphorm-element-wrap-text iphorm_2_9-element-wrap iphorm-clearfix iphorm-labels-above iphorm-element-required\" >\n    <div class=\"iphorm-element-spacer iphorm-element-spacer-text iphorm_2_9-element-spacer\">\n        <label for=\"iphorm_2_9_69e1821577580\" class=\"iphorm_2_9-outer-label\" >Telefono fisso:<span class=\"iphorm-required\">(richiesto)<\/span><\/label>        <div class=\"iphorm-input-wrap iphorm-input-wrap-text iphorm_2_9-input-wrap\" >\n            <input class=\"iphorm-element-text  iphorm_2_9\" id=\"iphorm_2_9_69e1821577580\" type=\"text\" name=\"iphorm_2_9\"  value=\"\"  \/>\n                    <\/div>\n        <div class=\"iphorm-errors-wrap iphorm-hidden\" >\r\n    <\/div>    <\/div>\n    <\/div><div class=\"iphorm-element-wrap iphorm-element-wrap-text iphorm_2_10-element-wrap iphorm-clearfix iphorm-labels-above iphorm-element-required\" >\n    <div class=\"iphorm-element-spacer iphorm-element-spacer-text iphorm_2_10-element-spacer\">\n        <label for=\"iphorm_2_10_69e1821577580\" class=\"iphorm_2_10-outer-label\" >Telefono cellulare:<span class=\"iphorm-required\">(richiesto)<\/span><\/label>        <div class=\"iphorm-input-wrap iphorm-input-wrap-text iphorm_2_10-input-wrap\" >\n            <input class=\"iphorm-element-text  iphorm_2_10\" id=\"iphorm_2_10_69e1821577580\" type=\"text\" name=\"iphorm_2_10\"  value=\"\"  \/>\n                    <\/div>\n        <div class=\"iphorm-errors-wrap iphorm-hidden\" >\r\n    <\/div>    <\/div>\n    <\/div><div class=\"iphorm-element-wrap iphorm-element-wrap-text iphorm_2_11-element-wrap iphorm-clearfix iphorm-labels-above iphorm-element-required\" >\n    <div class=\"iphorm-element-spacer iphorm-element-spacer-text iphorm_2_11-element-spacer\">\n        <label for=\"iphorm_2_11_69e1821577580\" class=\"iphorm_2_11-outer-label\" >Indirizzo e-mail<span class=\"iphorm-required\">(richiesto)<\/span><\/label>        <div class=\"iphorm-input-wrap iphorm-input-wrap-text iphorm_2_11-input-wrap\" >\n            <input class=\"iphorm-element-text  iphorm_2_11\" id=\"iphorm_2_11_69e1821577580\" type=\"email\" name=\"iphorm_2_11\"  value=\"\"  \/>\n                    <\/div>\n        <div class=\"iphorm-errors-wrap iphorm-hidden\" >\r\n    <\/div>    <\/div>\n    <\/div><div class=\"iphorm-element-wrap iphorm-element-wrap-textarea iphorm_2_12-element-wrap iphorm-clearfix iphorm-labels-above iphorm-element-optional\" >\n    <div class=\"iphorm-element-spacer iphorm-element-spacer-textarea iphorm_2_12-element-spacer\">\n        <label for=\"iphorm_2_12_69e1821577580\" class=\"iphorm_2_12-outer-label\" >Messaggio:<\/label>        <div class=\"iphorm-input-wrap iphorm-input-wrap-textarea iphorm_2_12-input-wrap\" >\n            <textarea class=\"iphorm-element-textarea  iphorm_2_12\" id=\"iphorm_2_12_69e1821577580\" name=\"iphorm_2_12\"   rows=\"5\" cols=\"25\"><\/textarea>\n                    <\/div>\n        <div class=\"iphorm-errors-wrap iphorm-hidden\" >\r\n    <\/div>    <\/div>\n    <\/div><div class=\"iphorm-hidden\">\n    <label>Questo campo deve essere lasciato vuoto<input type=\"text\" name=\"iphorm_2_0\" \/><\/label>\n<\/div>                <div class=\"iphorm-submit-wrap iphorm-submit-wrap-2 iphorm-clearfix\" >\n                    <div class=\"iphorm-submit-input-wrap iphorm-submit-input-wrap-2\" >\n                        <button class=\"iphorm-submit-element\" type=\"submit\" name=\"iphorm_submit\" ><span ><em >Invia<\/em><\/span><\/button>\n                    <\/div>\n                    <div class=\"iphorm-loading-wrap\"><span class=\"iphorm-loading\">Si prega di attendere ...<\/span><\/div>\n                <\/div>\n            <\/div>\n                                            <\/div>\n            <\/form>\n    <script type=\"text\/javascript\">\n    jQuery('#iphorm-outer-69e1821577580 script').remove();\n    <\/script>\n<\/div>\n<\/div><div class=\"fusion-clearfix\"><\/div><\/div><\/div><\/div><\/div>\n","protected":false},"excerpt":{"rendered":"","protected":false},"author":4,"featured_media":0,"parent":0,"menu_order":0,"comment_status":"open","ping_status":"closed","template":"","meta":{"footnotes":""},"class_list":["post-2713","page","type-page","status-publish","hentry"],"_links":{"self":[{"href":"http:\/\/www.buonaforchetta.ch\/cms\/wp-json\/wp\/v2\/pages\/2713"}],"collection":[{"href":"http:\/\/www.buonaforchetta.ch\/cms\/wp-json\/wp\/v2\/pages"}],"about":[{"href":"http:\/\/www.buonaforchetta.ch\/cms\/wp-json\/wp\/v2\/types\/page"}],"author":[{"embeddable":true,"href":"http:\/\/www.buonaforchetta.ch\/cms\/wp-json\/wp\/v2\/users\/4"}],"replies":[{"embeddable":true,"href":"http:\/\/www.buonaforchetta.ch\/cms\/wp-json\/wp\/v2\/comments?post=2713"}],"version-history":[{"count":46,"href":"http:\/\/www.buonaforchetta.ch\/cms\/wp-json\/wp\/v2\/pages\/2713\/revisions"}],"predecessor-version":[{"id":7265,"href":"http:\/\/www.buonaforchetta.ch\/cms\/wp-json\/wp\/v2\/pages\/2713\/revisions\/7265"}],"wp:attachment":[{"href":"http:\/\/www.buonaforchetta.ch\/cms\/wp-json\/wp\/v2\/media?parent=2713"}],"curies":[{"name":"wp","href":"https:\/\/api.w.org\/{rel}","templated":true}]}}