{"id":78,"date":"2012-07-31T02:17:05","date_gmt":"2012-07-31T00:17:05","guid":{"rendered":"http:\/\/theme-fusion.com\/avada\/?page_id=78"},"modified":"2025-11-14T20:31:59","modified_gmt":"2025-11-14T19:31:59","slug":"cga","status":"publish","type":"page","link":"http:\/\/www.buonaforchetta.ch\/cms\/cga","title":{"rendered":"CGA"},"content":{"rendered":"<div class=\"fusion-fullwidth fullwidth-box fusion-builder-row-1 nonhundred-percent-fullwidth non-hundred-percent-height-scrolling\" style=\"background-color: rgba(255,255,255,0);background-position: center center;background-repeat: no-repeat;padding-top:0px;padding-right:0px;padding-bottom:0px;padding-left:0px;margin-bottom: 0px;margin-top: 0px;border-width: 0px 0px 0px 0px;border-color:#eae9e9;border-style:solid;\" ><div class=\"fusion-builder-row fusion-row\"><div class=\"fusion-layout-column fusion_builder_column fusion-builder-column-0 fusion_builder_column_1_1 1_1 fusion-one-full fusion-column-first fusion-column-last\" style=\"margin-top:0px;margin-bottom:0px;\"><div class=\"fusion-column-wrapper fusion-flex-column-wrapper-legacy\" style=\"background-position:left top;background-repeat:no-repeat;-webkit-background-size:cover;-moz-background-size:cover;-o-background-size:cover;background-size:cover;padding: 0px 0px 0px 0px;\"><div class=\"fusion-text fusion-text-1\"><h4><strong>Vi raccomandiamo di leggere attentamente le Condizioni per l&#8217;edizione 2026<\/strong>\u00a0qui di seguito.<\/h4>\n<h4><span style=\"color: green;\"><strong>Wir bitten Sie, folgende Bestimmungen f\u00fcr die Ausgabe 2026 zu lesen<\/strong><\/span><\/h4>\n<\/div><style type=\"text\/css\">.fusion-accordian #accordian-1 .panel-title a .fa-fusion-box:before{ font-size: 16px;}.fusion-accordian #accordian-1 .panel-title a .fa-fusion-box{ color: #ffffff;}.fusion-accordian #accordian-1 .panel-title a{font-size:15px;}.fusion-accordian #accordian-1 .fa-fusion-box { background-color: #212934;border-color: #212934;}.fusion-accordian #accordian-1 .panel-title a:hover,.fusion-accordian #accordian-1 .panel-title a.hover { color: #e87030;}.fusion-faq-shortcode .fusion-accordian #accordian-1 .fusion-toggle-boxed-mode:hover .panel-title a { color: #e87030;}.fusion-accordian #accordian-1 .panel-title .active .fa-fusion-box,.fusion-accordian #accordian-1 .panel-title a:hover .fa-fusion-box,.fusion-accordian #accordian-1 .panel-title a.hover .fa-fusion-box { background-color: #e87030!important;border-color: #e87030!important;}<\/style><div class=\"fusion-faq-shortcode\"><div class=\"fusion-faqs-wrapper\"><div class=\"accordian fusion-accordian\"><div class=\"panel-group \" id=\"accordian-1\"><div class=\"fusion-panel panel-default fusion-faq-post fusion-faq-post-3753 \"><span class=\"entry-title rich-snippet-hidden\">Prezzo | Preis<\/span><span class=\"vcard rich-snippet-hidden\"><span class=\"fn\"><a href=\"http:\/\/www.buonaforchetta.ch\/cms\/author\/adminl\" title=\"Articoli scritti da Luca Schumacher\" rel=\"author\">Luca Schumacher<\/a><\/span><\/span><span class=\"updated rich-snippet-hidden\">2024-10-31T22:41:37+01:00<\/span><div class=\"panel-heading\"><h4 class=\"panel-title toggle\"><a data-toggle=\"collapse\" class=\"collapsed\" data-parent=\"#accordian-1\" data-target=\"#collapse-1-3753\" href=\"#collapse-1-3753\"><div class=\"fusion-toggle-icon-wrapper\"><div class=\"fusion-toggle-icon-wrapper-main\"><div class=\"fusion-toggle-icon-wrapper-sub\"><i class=\"fa-fusion-box\" aria-hidden=\"true\"><\/i><\/div><\/div><\/div><div class=\"fusion-toggle-heading\">Prezzo | Preis<\/div><\/a><\/h4><\/div><div id=\"collapse-1-3753\" class=\"panel-collapse collapse\"><div class=\"panel-body toggle-content post-content\"><p><strong>75.- CHF<\/strong><\/p>\n<\/div><\/div><\/div><div class=\"fusion-panel panel-default fusion-faq-post fusion-faq-post-3679 \"><span class=\"entry-title rich-snippet-hidden\">Periodo di validit\u00e0 | G\u00fcltigkeit-Zeitraum<\/span><span class=\"vcard rich-snippet-hidden\"><span class=\"fn\"><a href=\"http:\/\/www.buonaforchetta.ch\/cms\/author\/adminl\" title=\"Articoli scritti da Luca Schumacher\" rel=\"author\">Luca Schumacher<\/a><\/span><\/span><span class=\"updated rich-snippet-hidden\">2025-11-14T20:07:20+01:00<\/span><div class=\"panel-heading\"><h4 class=\"panel-title toggle\"><a data-toggle=\"collapse\" class=\"collapsed\" data-parent=\"#accordian-1\" data-target=\"#collapse-1-3679\" href=\"#collapse-1-3679\"><div class=\"fusion-toggle-icon-wrapper\"><div class=\"fusion-toggle-icon-wrapper-main\"><div class=\"fusion-toggle-icon-wrapper-sub\"><i class=\"fa-fusion-box\" aria-hidden=\"true\"><\/i><\/div><\/div><\/div><div class=\"fusion-toggle-heading\">Periodo di validit\u00e0 | G\u00fcltigkeit-Zeitraum<\/div><\/a><\/h4><\/div><div id=\"collapse-1-3679\" class=\"panel-collapse collapse\"><div class=\"panel-body toggle-content post-content\"><p style=\"text-align: justify;\">Il pass gastronomico buonaforchetta <strong>edizione 2026<\/strong>\u00a0\u00e8 valido <strong>dal 2 gennaio al 30 dicembre 2026<\/strong>\u00a0e pu\u00f2 essere utilizzato <strong>una volta in OGNUNO dei ristoranti affiliati all\u2019offerta.<\/strong><\/p>\n<p style=\"text-align: justify;\"><span style=\"color: green;\">Der Gourmetpass buonaforchetta <strong>Ausgabe 2026<\/strong>\u00a0ist <strong>vom 2. Januar bis zum 30. Dezember 2026<\/strong>\u00a0g\u00fcltig und darf <strong>einmal in JEDEM Partner-Restaurant ben\u00fctzt werden.<\/strong><\/span><\/p>\n<\/div><\/div><\/div><div class=\"fusion-panel panel-default fusion-faq-post fusion-faq-post-3678 \"><span class=\"entry-title rich-snippet-hidden\">Riservazione | Buchung<\/span><span class=\"vcard rich-snippet-hidden\"><span class=\"fn\"><a href=\"http:\/\/www.buonaforchetta.ch\/cms\/author\/adminl\" title=\"Articoli scritti da Luca Schumacher\" rel=\"author\">Luca Schumacher<\/a><\/span><\/span><span class=\"updated rich-snippet-hidden\">2013-11-12T19:25:20+01:00<\/span><div class=\"panel-heading\"><h4 class=\"panel-title toggle\"><a data-toggle=\"collapse\" class=\"collapsed\" data-parent=\"#accordian-1\" data-target=\"#collapse-1-3678\" href=\"#collapse-1-3678\"><div class=\"fusion-toggle-icon-wrapper\"><div class=\"fusion-toggle-icon-wrapper-main\"><div class=\"fusion-toggle-icon-wrapper-sub\"><i class=\"fa-fusion-box\" aria-hidden=\"true\"><\/i><\/div><\/div><\/div><div class=\"fusion-toggle-heading\">Riservazione | Buchung<\/div><\/a><\/h4><\/div><div id=\"collapse-1-3678\" class=\"panel-collapse collapse\"><div class=\"panel-body toggle-content post-content\"><p style=\"text-align: justify;\">Per beneficiare della riduzione sul conto nei ristoranti affiliati, <strong>la riservazione quale cliente buonaforchetta \u00e8 obbligatoria e dev\u2019essere effettuata per telefono direttamente presso il ristorante<\/strong> (non si accettano riservazioni per e-mail o attraverso portali di riservazione via internet). <strong>I ristoranti affiliati a buonaforchetta si impegnano ad accettare un certo numero di pass buonaforchetta, seppure nel limite delle loro capacit\u00e0.<\/strong><\/p>\n<p style=\"text-align: justify;\"><span style=\"color: green;\">Um Ihren Gourmetpass ben\u00fctzen zu k\u00f6nnen, <strong>m\u00fcssen Sie Ihren Tisch unbedingt per Telefon als buonaforchetta-Kunde buchen. Unsere Partner-Restaurants werden buonaforchetta-Kunden, je nach deren Verf\u00fcgbarkeit, immer gern akzeptieren.<\/strong><\/p>\n<\/div><\/div><\/div><div class=\"fusion-panel panel-default fusion-faq-post fusion-faq-post-3677 \"><span class=\"entry-title rich-snippet-hidden\">Disposizioni d\u2019uso | Anwendungs-Bestimmungen<\/span><span class=\"vcard rich-snippet-hidden\"><span class=\"fn\"><a href=\"http:\/\/www.buonaforchetta.ch\/cms\/author\/adminl\" title=\"Articoli scritti da Luca Schumacher\" rel=\"author\">Luca Schumacher<\/a><\/span><\/span><span class=\"updated rich-snippet-hidden\">2016-11-06T23:53:41+01:00<\/span><div class=\"panel-heading\"><h4 class=\"panel-title toggle\"><a data-toggle=\"collapse\" class=\"collapsed\" data-parent=\"#accordian-1\" data-target=\"#collapse-1-3677\" href=\"#collapse-1-3677\"><div class=\"fusion-toggle-icon-wrapper\"><div class=\"fusion-toggle-icon-wrapper-main\"><div class=\"fusion-toggle-icon-wrapper-sub\"><i class=\"fa-fusion-box\" aria-hidden=\"true\"><\/i><\/div><\/div><\/div><div class=\"fusion-toggle-heading\">Disposizioni d\u2019uso | Anwendungs-Bestimmungen<\/div><\/a><\/h4><\/div><div id=\"collapse-1-3677\" class=\"panel-collapse collapse\"><div class=\"panel-body toggle-content post-content\"><p style=\"text-align: justify;\"><strong>Siete tenuti ad esibire il pass buonaforchetta al vostro arrivo al ristorante<\/strong>, che convalider\u00e0 la vostra visita apponendo il timbro sulla sua pagina.<\/p>\n<p style=\"text-align: justify;\">Per ogni riservazione\/tavolo, <strong>un solo pass buonaforchetta \u00e8 accettato. Il pass \u00e9 valido per una riservazione di un minimo di 2 a un massimo 6 persone.<\/strong><\/p>\n<p style=\"text-align: justify;\">Il vantaggio buonaforchetta \u00e9 accordato a condizione che il detentore del pass ed i suoi convivi abbiano comandato <strong>a persona : almeno due portate<\/strong>, di cui<br \/>\n&#8211; <strong>un antipasto<\/strong> oppure <strong>primo piatto<\/strong><br \/>\n&#8211; <strong>e un secondo<\/strong> (inteso come piatto forte di carne, pesce oppure equivalente)<br \/>\n<strong>cos\u00ec come una bibita a pagamento.<\/strong><br \/>\nIl pass buonaforchetta non \u00e9 pensato per consumare pasti unicamente all\u2019insegna del risparmio, bens\u00ec \u00e8 stato ideato <strong>per permettervi di scoprire nuovi ristoranti e le loro specialit\u00e0, godendo appieno dell\u2019offerta eno-gastronomica.<\/strong><\/p>\n<p style=\"text-align: justify;\">La riduzione quale membro di buonaforchetta viene applicata come indicato qui sotto, sul totale delle portate servite (dagli antipasti ai desserts), ma <strong>non sulle bevande, che sono contabilizzate al prezzo pieno. Il vantaggio non \u00e8 applicabile ai men\u00f9 per i bambini, n\u00e9 ai men\u00f9 del giorno o la pizza.<\/strong><\/p>\n<ul>\n<li>Tavolo di <strong>2 persone<\/strong> : riduzione del <strong>35%<\/strong> sul totale delle portate | <strong>OPPURE<\/strong> riduzione del <strong>50%<\/strong> sul totale delle portate se la consumazione delle bevande supera 30.- CHF<\/li>\n<\/ul>\n<ul>\n<li>Tavolo di <strong>3 persone<\/strong> : riduzione del <strong>30%<\/strong> sul totale delle portate | <strong>OPPURE<\/strong> riduzione del <strong>40%<\/strong> sul totale delle portate se la consumazione delle bevande supera 50.- CHF<\/li>\n<\/ul>\n<ul>\n<li>Tavolo di <strong>4 persone<\/strong> : riduzione del <strong>25%<\/strong> sul totale delle portate<\/li>\n<\/ul>\n<ul>\n<li>Tavolo di <strong>5 o 6 persone<\/strong> : riduzione del <strong>20%<\/strong> sul totale delle portate<\/li>\n<\/ul>\n<p><strong>NOTA BENE :<\/strong> la riduzione sul conto \u00e8 interamente a carico dei ristoranti convenzionati ; buonaforchetta non li risarcisce in alcun modo per il loro minor guadagno !<br \/>\n&nbsp;<\/p>\n<p style=\"text-align: justify;\"><span style=\"color: green;\">Ihrer buonaforchetta-Pass ist beim Restaurantbesuch <strong>immer vorzuweisen.<\/strong><\/span><\/p>\n<p style=\"text-align: justify;\"><span style=\"color: green;\">Pro Buchung\/Tisch darf nur ein einziger Gourmetpass ben\u00fctzt werden (2 bis 6 personen).<\/span><\/p>\n<p style=\"text-align: justify;\"><span style=\"color: green;\">Das Preisenachlass ist nur g\u00fcltig, wenn mindestens folgende zwei G\u00e4nge <strong>pro Person<\/strong> konsumiert werden :<br \/>\n&#8211; <strong>eine Vorspeise<\/strong> oder <strong>ein erster Gang<\/strong><br \/>\n&#8211; <strong>eine Hauptspeise<\/strong> (Fleisch, Fisch oder \u00e4hnliches)<br \/>\n<strong>Pro Person<\/strong> muss auch ein Getr\u00e4nk konsumiert werden.<br \/>\n<\/span><\/p>\n<p style=\"text-align: justify;\"><span style=\"color: green;\">Mit dem buonaforchetta-Pass erhalten Sie in unseren Partner-Restaurants folgende Preis-Reduzierungen, welche nur auf das Essen berechnet werden (Getr\u00e4nke m\u00fcssen 100% bezahlt werden) :<\/span><\/p>\n<ul>\n<li><span style=\"color: green;\"><strong>der 2 Personen-Tisch<\/strong> erh\u00e4lt <strong>ENTWEDER 35%<\/strong> Preisnachlass auf das Essen | <strong>ODER 50%<\/strong> Preisnachlass auf das Essen wenn mindestens 30.- CHF Getr\u00e4nke bestellt werden<\/span><\/li>\n<\/ul>\n<ul>\n<li><span style=\"color: green;\"><strong>der 3 Personen-Tisch<\/strong> erh\u00e4lt <strong>ENTWEDER 30%<\/strong> Preisnachlass auf das Essen | <strong>ODER 40%<\/strong> Preisnachlass auf das Essen wenn mindestens 50.- CHF Getr\u00e4nke bestellt werden<\/span><\/li>\n<\/ul>\n<ul>\n<li><span style=\"color: green;\"><strong>der 4 Personen-Tisch<\/strong> erh\u00e4lt <strong>25%<\/strong> Preisnachlass auf das Essen<\/span><\/li>\n<\/ul>\n<ul>\n<li><span style=\"color: green;\"><strong>der 5\/6 Personen-Tisch<\/strong> erh\u00e4lt <strong>20%<\/strong> Preisnachlass auf das Essen<\/span><\/li>\n<\/ul>\n<p>&nbsp;<\/p>\n<p style=\"text-align: justify;\"><span style=\"color: green;\">Unseres Angebot ist <strong>f\u00fcr Tagesmenu, Kindermenu und Pizza<\/strong> nicht g\u00fcltig.<\/span><\/p>\n<\/div><\/div><\/div><div class=\"fusion-panel panel-default fusion-faq-post fusion-faq-post-3676 \"><span class=\"entry-title rich-snippet-hidden\">Validit\u00e0 | G\u00fcltigkeit<\/span><span class=\"vcard rich-snippet-hidden\"><span class=\"fn\"><a href=\"http:\/\/www.buonaforchetta.ch\/cms\/author\/adminl\" title=\"Articoli scritti da Luca Schumacher\" rel=\"author\">Luca Schumacher<\/a><\/span><\/span><span class=\"updated rich-snippet-hidden\">2013-11-12T19:12:59+01:00<\/span><div class=\"panel-heading\"><h4 class=\"panel-title toggle\"><a data-toggle=\"collapse\" class=\"collapsed\" data-parent=\"#accordian-1\" data-target=\"#collapse-1-3676\" href=\"#collapse-1-3676\"><div class=\"fusion-toggle-icon-wrapper\"><div class=\"fusion-toggle-icon-wrapper-main\"><div class=\"fusion-toggle-icon-wrapper-sub\"><i class=\"fa-fusion-box\" aria-hidden=\"true\"><\/i><\/div><\/div><\/div><div class=\"fusion-toggle-heading\">Validit\u00e0 | G\u00fcltigkeit<\/div><\/a><\/h4><\/div><div id=\"collapse-1-3676\" class=\"panel-collapse collapse\"><div class=\"panel-body toggle-content post-content\"><p style=\"text-align: justify;\">Salvo indicazione diversa, il pass buonaforchetta <strong>non \u00e8 valido durante i giorni festivi seguenti : Capodanno\/San Silvestro, Natale, Pasqua, Festa della Mamma, Festa del Pap\u00e0, San Valentino, Festa nazionale del 1\u00b0 d\u2019agosto, Ferragosto.<\/strong><\/p>\n<p style=\"text-align: justify;\">Le disposizioni esposte precedentemente valgono quali regole generali. <strong>La voce \u201cValidit\u00e0 del pass\u201d<\/strong> relativa al singolo ristorante indica eventuali esclusioni particolari (vedere schede dei ristoranti)<\/p>\n<p style=\"text-align: justify;\">La riduzione sul conto ottenuta con buonaforchetta non pu\u00f2 essere cumulata con altri vantaggi (buoni, offerte particolari o altro).<\/p>\n<p style=\"text-align: justify;\"><span style=\"color: green;\"><strong>Wenn nicht anders erw\u00e4hnt, ist das Angebot an folgenden Feiertage nicht g\u00fcltig :<\/strong> Neujahr\/Silvester, Weihnachten, Ostern, Muttertag, St. Josephstag, Valentinstag und Bundesfeiertag.<br \/>\n&nbsp;<br \/>\nDie aufgef\u00fchrten Bestimmungen gelten als Hauptregeln. In jedem Partner-Restaurant kann es besondere Regeln geben, die im <strong> \u201eValidit\u00e0 del Pass\u201c<\/strong> mit dem orangefarbigen Kreis auf den individuellen Restaurant-Seiten angezeigt sind.<br \/>\n&nbsp;<br \/>\nDie Ben\u00fctzung des buonaforchetta-Passes kann nicht mit anderen speziellen Angebote des Restaurants kombiniert werden.<\/p>\n<\/div><\/div><\/div><div class=\"fusion-panel panel-default fusion-faq-post fusion-faq-post-3674 \"><span class=\"entry-title rich-snippet-hidden\">Disposizioni giuridiche | Rechtliche Bestimmungen<\/span><span class=\"vcard rich-snippet-hidden\"><span class=\"fn\"><a href=\"http:\/\/www.buonaforchetta.ch\/cms\/author\/adminl\" title=\"Articoli scritti da Luca Schumacher\" rel=\"author\">Luca Schumacher<\/a><\/span><\/span><span class=\"updated rich-snippet-hidden\">2013-11-12T19:20:40+01:00<\/span><div class=\"panel-heading\"><h4 class=\"panel-title toggle\"><a data-toggle=\"collapse\" class=\"collapsed\" data-parent=\"#accordian-1\" data-target=\"#collapse-1-3674\" href=\"#collapse-1-3674\"><div class=\"fusion-toggle-icon-wrapper\"><div class=\"fusion-toggle-icon-wrapper-main\"><div class=\"fusion-toggle-icon-wrapper-sub\"><i class=\"fa-fusion-box\" aria-hidden=\"true\"><\/i><\/div><\/div><\/div><div class=\"fusion-toggle-heading\">Disposizioni giuridiche | Rechtliche Bestimmungen<\/div><\/a><\/h4><\/div><div id=\"collapse-1-3674\" class=\"panel-collapse collapse\"><div class=\"panel-body toggle-content post-content\"><p style=\"text-align: justify;\"><strong>Nessun rimborso \u00e8 possibile nel caso in cui, presso un determinato ristorante nostro partner, cambiamenti importanti e\/o imprevisti dovessero far cessare la validit\u00e0 della nostra offerta (per esempio, ma non esclusivamente, in caso di chiusura di un esercizio, cambiamento di proprietario, nuova gerenza).<\/strong> D\u2019altra parte, se del caso, sarete informati attraverso il nostro sito internet.<br \/>\n&nbsp;<br \/>\nBuonaforchetta non risponde, n\u00e9 alcun rimborso \u00e8 previsto, in caso di errori o cambiamenti che riguardino un determinato ristorante (per esempio, ma non esclusivamente, cambiamenti negli orari d\u2019apertura, nel tipo di cucina, ecc). Vi suggeriamo d\u2019altronde di <strong>visitare regolarmente il nostro sito web per aggiornarvi sulla nostra offerta.<\/strong> In particolar modo, \u00e8 possibile che alcuni ristoranti diventino nuovi partner di buonaforchetta solo dopo la stampa della nostra guida cartacea (il pass). Potrete allora visionarli e sceglierli attraverso il nostro sito internet. Nella guida, le pagine intitolate <strong> \u201cNuovo ristorante affiliato\u201d<\/strong> sono dedicate a loro.<br \/>\n&nbsp;<br \/>\nIl vostro pass buonaforchetta \u00e9 numerato ma cedibile a terzi. Tuttavia, esso <strong>non \u00e8 valido senza numero di controllo.<\/strong> Non ci assumiamo nessuna responsabilit\u00e0 in caso di utilizzo illecito o improprio dei pass buonaforchetta in circolazione.<br \/>\n&nbsp;<br \/>\nNessun risarcimento, sia esso parziale o totale, sar\u00e0 possibile in caso di non utilizzo del pass buonaforchetta da parte dell\u2019acquirente. Le restituzione del pass buonaforchetta \u00e8 esclusa.<br \/>\n&nbsp;<br \/>\nNessun rimborso \u00e8 possibile in caso di smarrimento del vostro pass.<\/p>\n<p>&nbsp;<\/p>\n<p style=\"text-align: justify;\"><span style=\"color: green;\"><strong>\u201cbuonaforchetta\u201d ist auf keinen Fall verantwortlich,<\/strong> wenn unsere Partner-Restaurants das Angebot nicht aufrechterhalten, oder wenn die Informationen auf dem Buch oder auf unserem Website nicht aktualisiert sind.<br \/>\n&nbsp;<br \/>\n<strong>In keinem Fall wird eine R\u00fcckzahlung oder eine R\u00fcckgabe m\u00f6glich sein.<\/strong><br \/>\n&nbsp;<br \/>\n Der Weiterverkauf des Gourmetpasses buonaforchetta ist verboten.<br \/>\n&nbsp;<br \/>\n<strong>Mit dem Kauf dieses Buches erkl\u00e4ren Sie sich mit den oben aufgef\u00fchrten Bestimmungen einverstanden.<\/strong><\/p>\n<\/div><\/div><\/div><div class=\"fusion-panel panel-default fusion-faq-post fusion-faq-post-3673 \"><span class=\"entry-title rich-snippet-hidden\">Trattamento dei dati | Datenschutz<\/span><span class=\"vcard rich-snippet-hidden\"><span class=\"fn\"><a href=\"http:\/\/www.buonaforchetta.ch\/cms\/author\/adminl\" title=\"Articoli scritti da Luca Schumacher\" rel=\"author\">Luca Schumacher<\/a><\/span><\/span><span class=\"updated rich-snippet-hidden\">2016-11-06T23:55:25+01:00<\/span><div class=\"panel-heading\"><h4 class=\"panel-title toggle\"><a data-toggle=\"collapse\" class=\"collapsed\" data-parent=\"#accordian-1\" data-target=\"#collapse-1-3673\" href=\"#collapse-1-3673\"><div class=\"fusion-toggle-icon-wrapper\"><div class=\"fusion-toggle-icon-wrapper-main\"><div class=\"fusion-toggle-icon-wrapper-sub\"><i class=\"fa-fusion-box\" aria-hidden=\"true\"><\/i><\/div><\/div><\/div><div class=\"fusion-toggle-heading\">Trattamento dei dati | Datenschutz<\/div><\/a><\/h4><\/div><div id=\"collapse-1-3673\" class=\"panel-collapse collapse\"><div class=\"panel-body toggle-content post-content\"><p style=\"text-align: justify;\">Buonaforchetta di Luca Schumacher garantisce il trattamento confidenziale dei dati personali ricevuti per mezzo del portale www.buonaforchetta.ch e si impegna a non divulgarli, renderli accessibili o venderli a terzi.<\/p>\n<p style=\"text-align: justify;\"><span style=\"color: green;\">Buonaforchetta\u00a0von Luca Schumacher garantiert die vertrauliche Verarbeitung personenbezogener Daten und den Schutz der Privatsph\u00e4re.<\/span><\/p>\n<\/div><\/div><\/div><div class=\"fusion-panel panel-default fusion-faq-post fusion-faq-post-3672 \"><span class=\"entry-title rich-snippet-hidden\">Diritto applicabile e foro | Gerichtsstand<\/span><span class=\"vcard rich-snippet-hidden\"><span class=\"fn\"><a href=\"http:\/\/www.buonaforchetta.ch\/cms\/author\/adminl\" title=\"Articoli scritti da Luca Schumacher\" rel=\"author\">Luca Schumacher<\/a><\/span><\/span><span class=\"updated rich-snippet-hidden\">2013-11-12T19:24:21+01:00<\/span><div class=\"panel-heading\"><h4 class=\"panel-title toggle\"><a data-toggle=\"collapse\" class=\"collapsed\" data-parent=\"#accordian-1\" data-target=\"#collapse-1-3672\" href=\"#collapse-1-3672\"><div class=\"fusion-toggle-icon-wrapper\"><div class=\"fusion-toggle-icon-wrapper-main\"><div class=\"fusion-toggle-icon-wrapper-sub\"><i class=\"fa-fusion-box\" aria-hidden=\"true\"><\/i><\/div><\/div><\/div><div class=\"fusion-toggle-heading\">Diritto applicabile e foro | Gerichtsstand<\/div><\/a><\/h4><\/div><div id=\"collapse-1-3672\" class=\"panel-collapse collapse\"><div class=\"panel-body toggle-content post-content\"><p style=\"text-align: justify;\">Le disposizioni di cui sopra valgono quali Condizioni Generali e sono soggette al diritto svizzero. Il foro di Lugano \u00e8 competente per tutte le vertenze che possono sorgere tra buonaforchetta di Luca Schumacher e i suoi clienti.<\/p>\n<p style=\"text-align: justify;\"><span style=\"color: green;\">Die oben aufgef\u00fchrten Bestimmungen gelten als allgemeine Bedingungen und sind schweizerisches Recht anwendbar. Als Gerichtsstand gilt Lugano.<\/p>\n<\/div><\/div><\/div><\/div><\/div><\/div><\/div><div class=\"fusion-clearfix\"><\/div><\/div><\/div><\/div><\/div>\n","protected":false},"excerpt":{"rendered":"","protected":false},"author":4,"featured_media":0,"parent":0,"menu_order":0,"comment_status":"closed","ping_status":"closed","template":"","meta":{"footnotes":""},"class_list":["post-78","page","type-page","status-publish","hentry"],"_links":{"self":[{"href":"http:\/\/www.buonaforchetta.ch\/cms\/wp-json\/wp\/v2\/pages\/78"}],"collection":[{"href":"http:\/\/www.buonaforchetta.ch\/cms\/wp-json\/wp\/v2\/pages"}],"about":[{"href":"http:\/\/www.buonaforchetta.ch\/cms\/wp-json\/wp\/v2\/types\/page"}],"author":[{"embeddable":true,"href":"http:\/\/www.buonaforchetta.ch\/cms\/wp-json\/wp\/v2\/users\/4"}],"replies":[{"embeddable":true,"href":"http:\/\/www.buonaforchetta.ch\/cms\/wp-json\/wp\/v2\/comments?post=78"}],"version-history":[{"count":46,"href":"http:\/\/www.buonaforchetta.ch\/cms\/wp-json\/wp\/v2\/pages\/78\/revisions"}],"predecessor-version":[{"id":7290,"href":"http:\/\/www.buonaforchetta.ch\/cms\/wp-json\/wp\/v2\/pages\/78\/revisions\/7290"}],"wp:attachment":[{"href":"http:\/\/www.buonaforchetta.ch\/cms\/wp-json\/wp\/v2\/media?parent=78"}],"curies":[{"name":"wp","href":"https:\/\/api.w.org\/{rel}","templated":true}]}}