{"id":7275,"date":"2025-11-13T00:26:09","date_gmt":"2025-11-12T23:26:09","guid":{"rendered":"https:\/\/www.buonaforchetta.ch\/cms\/?page_id=7275"},"modified":"2025-12-03T21:03:19","modified_gmt":"2025-12-03T20:03:19","slug":"concorso","status":"publish","type":"page","link":"https:\/\/www.buonaforchetta.ch\/cms\/concorso","title":{"rendered":"CONCORSO"},"content":{"rendered":"<div class=\"fusion-fullwidth fullwidth-box fusion-builder-row-1 nonhundred-percent-fullwidth non-hundred-percent-height-scrolling\" style=\"background-color: rgba(255,255,255,0);background-position: center center;background-repeat: no-repeat;padding-top:0px;padding-right:0px;padding-bottom:0px;padding-left:0px;margin-bottom: 0px;margin-top: 0px;border-width: 0px 0px 0px 0px;border-color:#eae9e9;border-style:solid;\" ><div class=\"fusion-builder-row fusion-row\"><div class=\"fusion-layout-column fusion_builder_column fusion-builder-column-0 fusion_builder_column_1_1 1_1 fusion-one-full fusion-column-first fusion-column-last\" style=\"margin-top:0px;margin-bottom:0px;\"><div class=\"fusion-column-wrapper fusion-flex-column-wrapper-legacy\" style=\"background-position:left top;background-repeat:no-repeat;-webkit-background-size:cover;-moz-background-size:cover;-o-background-size:cover;background-size:cover;padding: 0px 0px 0px 0px;\"><div class=\"fusion-text fusion-text-1\"><p><img decoding=\"async\" class=\"aligncenter size-full wp-image-3283\" src=\"\/cms\/wp-content\/uploads\/2013\/02\/partenariato_a-e1384308452582.jpg\" alt=\"ristoratori_a\" width=\"100%\" height=\"500\" srcset=\"https:\/\/www.buonaforchetta.ch\/cms\/wp-content\/uploads\/2013\/02\/partenariato_a-e1384308452582-150x53.jpg 150w, https:\/\/www.buonaforchetta.ch\/cms\/wp-content\/uploads\/2013\/02\/partenariato_a-e1384308452582-300x107.jpg 300w, https:\/\/www.buonaforchetta.ch\/cms\/wp-content\/uploads\/2013\/02\/partenariato_a-e1384308452582.jpg 972w\" sizes=\"(max-width: 972px) 100vw, 972px\" \/><\/p>\n<div class=\"title\">\n<h2><\/h2>\n<h2><span style=\"color: #ff6600;\"><strong>CONCORSO &#8220;Proponete un ristorante e vincete un pass edizione 2027!&#8221;<\/strong> <\/span><\/h2>\n<\/div>\n<\/div><div class=\"fusion-builder-row fusion-builder-row-inner fusion-row\"><div class=\"fusion-layout-column fusion_builder_column_inner fusion-builder-nested-column-0 fusion_builder_column_inner_1_1 1_1 fusion-one-full fusion-column-first fusion-column-last\" style=\"margin-top:0px;margin-bottom:20px;\"><div class=\"fusion-column-wrapper fusion-flex-column-wrapper-legacy\" style=\"background-position:left top;background-repeat:no-repeat;-webkit-background-size:cover;-moz-background-size:cover;-o-background-size:cover;background-size:cover;padding: 0px 0px 0px 0px;\"><div class=\"fusion-text fusion-text-2\"><p>Se lei frequenta personalmente un ristorante che, a suo parere, varrebbe assolutamente la pena di scoprire, saremmo lieti di ricevere la sua segnalazione!<\/p>\n<p>Ecco come partecipare al nostro concorso:<\/p>\n<ol>\n<li><strong>Acquisti la nuova edizione del pass (2026)<\/strong><\/li>\n<li><strong>Compili il modulo in fondo a questa pagina<\/strong><\/li>\n<\/ol>\n<p><strong>Condizioni<\/strong><\/p>\n<ul>\n<li>Il concorso \u00e9 aperto esclusivamente a coloro che avranno <strong>acquistato un pass buonaforchetta edizione 2026<\/strong><\/li>\n<li>Il ristorante segnalatoci dovr\u00e0 soddisfare i seguenti requisiti: cordialit\u00e0, qualit\u00e0 dell&#8217;offerta gastronomica, ambiente accogliente<\/li>\n<li>L&#8217;adesione del ristorante dovr\u00e0 andare a buon fine nel corso del 2026 o al pi\u00f9 tardi per l&#8217;uscita dell&#8217;edizione 2027<\/li>\n<li>I vincitori verranno informati personalmente entro il 31 ottobre 2026 e riceveranno successivamente, tramite invio postale, un pass buonaforchetta <strong>edizione 2027<\/strong><\/li>\n<\/ul>\n<\/div><div class=\"fusion-clearfix\"><\/div><\/div><\/div><\/div><div class=\"fusion-text fusion-text-3\"><div id=\"iphorm-outer-69f7573e6b5bc\" class=\"iphorm-outer iphorm-outer-11 iphorm-uniform-theme-default iphorm-responsive\" >\n    <script type=\"text\/javascript\">\n        jQuery(document).ready(function($) {\n                        $('#iphorm-69f7573e6b5bc').iPhorm({\"id\":11,\"uniqueId\":\"69f7573e6b5bc\",\"useAjax\":true,\"successMessageTimeout\":10,\"resetFormValues\":\"\",\"clElementIds\":[],\"clDependentElementIds\":[],\"centerFancybox\":true,\"centerFancyboxSpeed\":true});\n                        if ($.isFunction($.fn.qtip)) {\n                $('.iphorm-tooltip-hover', iPhorm.instance.$form).qtip({\n                    style: {\n                        classes: 'qtip-plain qtip-shadow'\n                    },\n                    position: {\n                        my: 'left center',\n                        at: 'right center',\n                        viewport: $(window),\n                        adjust: {\n                            method: 'shift'\n                        }\n                    }\n                });\n                $('.iphorm-tooltip-click', iPhorm.instance.$form).qtip({\n                    style: {\n                        classes: 'qtip-plain qtip-shadow'\n                    },\n                    position: {\n                        my: 'left center',\n                        at: 'right center',\n                        viewport: $(window),\n                        adjust: {\n                            method: 'shift'\n                        }\n                    },\n                    show: {\n                        event: 'focus'\n                    },\n                    hide: {\n                        event: 'unfocus'\n                    }\n                });\n                $('.iphorm-tooltip-icon-hover', iPhorm.instance.$form).qtip({\n                    style: {\n                        classes: 'qtip-plain qtip-shadow'\n                    },\n                    position: {\n                        my: 'left center',\n                        at: 'right center',\n                        viewport: $(window),\n                        adjust: {\n                            method: 'shift'\n                        }\n                    },\n                    content: {\n                        text: function (api) {\n                            return $(this).find('.iphorm-tooltip-icon-content').html();\n                        }\n                    }\n                });\n                $('.iphorm-tooltip-icon-click', iPhorm.instance.$form).qtip({\n                    style: {\n                        classes: 'qtip-plain qtip-shadow'\n                    },\n                    position: {\n                        my: 'left center',\n                        at: 'right center',\n                        viewport: $(window),\n                        adjust: {\n                            method: 'shift'\n                        }\n                    },\n                    show: {\n                        event: 'click'\n                    },\n                    hide: {\n                        event: 'unfocus'\n                    },\n                    content: {\n                        text: function (api) {\n                            return $(this).find('.iphorm-tooltip-icon-content').html();\n                        }\n                    }\n                });\n                $('.iphorm-labels-inside > .iphorm-element-spacer > label').hover(function () {\n                    $(this).siblings('.iphorm-input-wrap').find('.iphorm-tooltip-hover').qtip('show');\n                }, function () {\n                    $(this).siblings('.iphorm-input-wrap').find('.iphorm-tooltip-hover').qtip('hide');\n                });\n            }\n                                    if ($.isFunction($.fn.uniform)) {\n                $('select, input:checkbox, input:radio', iPhorm.instance.$form).uniform({context: iPhorm.instance.$form, selectAutoWidth: false});\n            }\n                        if ($.isFunction($.fn.inFieldLabels)) {\n                $('.iphorm-labels-inside:not(.iphorm-element-wrap-recaptcha) > .iphorm-element-spacer > label', iPhorm.instance.$form).inFieldLabels();\n            }\n                        $('.iphorm-group-row > div:last-child:not(:first-child)', iPhorm.instance.$form).add('.iphorm-group-row:last-child', iPhorm.instance.$form).addClass('last-child');\n                    });\n    <\/script>\n    <form id=\"iphorm-69f7573e6b5bc\" class=\"iphorm iphorm-form-11\" action=\"\/cms\/wp-json\/wp\/v2\/pages\/7275#iphorm-69f7573e6b5bc\" method=\"post\" enctype=\"multipart\/form-data\" novalidate=\"novalidate\">\n        <div class=\"iphorm-inner iphorm-inner-11\" >\n            <input type=\"hidden\" name=\"iphorm_id\" value=\"11\" \/>\n            <input type=\"hidden\" name=\"iphorm_uid\" value=\"69f7573e6b5bc\" \/>\n            <input type=\"hidden\" name=\"form_url\" value=\"https:\/\/www.buonaforchetta.ch\/cms\/wp-json\/wp\/v2\/pages\/7275\" \/>\n            <input type=\"hidden\" name=\"referring_url\" value=\"\" \/>\n            <input type=\"hidden\" name=\"post_id\" value=\"\" \/>\n            <input type=\"hidden\" name=\"post_title\" value=\"\" \/>\n                            <h3 class=\"iphorm-title\" >Formulario di partecipazione al concorso<\/h3>\n                                        <p class=\"iphorm-description\" >I suoi dati personali non saranno conservati nel nostro database e non verranno inviati a terzi.<\/p>\n                                                            <div class=\"iphorm-success-message iphorm-hidden\" ><\/div>\n                                        <div class=\"iphorm-elements iphorm-elements-11 iphorm-clearfix\" >\n                <div class=\"iphorm-element-wrap iphorm-element-wrap-text iphorm_11_3-element-wrap iphorm-clearfix iphorm-labels-above iphorm-element-required\" >\n    <div class=\"iphorm-element-spacer iphorm-element-spacer-text iphorm_11_3-element-spacer\">\n        <label for=\"iphorm_11_3_69f7573e6b5bc\" class=\"iphorm_11_3-outer-label\" >Suo nome e cognome<span class=\"iphorm-required\">(richiesto)<\/span><\/label>        <div class=\"iphorm-input-wrap iphorm-input-wrap-text iphorm_11_3-input-wrap\" >\n            <input class=\"iphorm-element-text  iphorm_11_3\" id=\"iphorm_11_3_69f7573e6b5bc\" type=\"text\" name=\"iphorm_11_3\"  value=\"\"  \/>\n                    <\/div>\n        <div class=\"iphorm-errors-wrap iphorm-hidden\" >\r\n    <\/div>    <\/div>\n    <\/div><div class=\"iphorm-element-wrap iphorm-element-wrap-text iphorm_11_6-element-wrap iphorm-clearfix iphorm-labels-above iphorm-element-required\" >\n    <div class=\"iphorm-element-spacer iphorm-element-spacer-text iphorm_11_6-element-spacer\">\n        <label for=\"iphorm_11_6_69f7573e6b5bc\" class=\"iphorm_11_6-outer-label\" >Via e numero<span class=\"iphorm-required\">(richiesto)<\/span><\/label>        <div class=\"iphorm-input-wrap iphorm-input-wrap-text iphorm_11_6-input-wrap\" >\n            <input class=\"iphorm-element-text  iphorm_11_6\" id=\"iphorm_11_6_69f7573e6b5bc\" type=\"text\" name=\"iphorm_11_6\"  value=\"\"  \/>\n                    <\/div>\n        <div class=\"iphorm-errors-wrap iphorm-hidden\" >\r\n    <\/div>    <\/div>\n    <\/div><div class=\"iphorm-element-wrap iphorm-element-wrap-text iphorm_11_13-element-wrap iphorm-clearfix iphorm-labels-above iphorm-element-required\" >\n    <div class=\"iphorm-element-spacer iphorm-element-spacer-text iphorm_11_13-element-spacer\">\n        <label for=\"iphorm_11_13_69f7573e6b5bc\" class=\"iphorm_11_13-outer-label\" >NPA e Luogo<span class=\"iphorm-required\">(richiesto)<\/span><\/label>        <div class=\"iphorm-input-wrap iphorm-input-wrap-text iphorm_11_13-input-wrap\" >\n            <input class=\"iphorm-element-text  iphorm_11_13\" id=\"iphorm_11_13_69f7573e6b5bc\" type=\"text\" name=\"iphorm_11_13\"  value=\"\"  \/>\n                    <\/div>\n        <div class=\"iphorm-errors-wrap iphorm-hidden\" >\r\n    <\/div>    <\/div>\n    <\/div><div class=\"iphorm-element-wrap iphorm-element-wrap-text iphorm_11_10-element-wrap iphorm-clearfix iphorm-labels-above iphorm-element-optional\" >\n    <div class=\"iphorm-element-spacer iphorm-element-spacer-text iphorm_11_10-element-spacer\">\n        <label for=\"iphorm_11_10_69f7573e6b5bc\" class=\"iphorm_11_10-outer-label\" >Telefono cellulare:<\/label>        <div class=\"iphorm-input-wrap iphorm-input-wrap-text iphorm_11_10-input-wrap\" >\n            <input class=\"iphorm-element-text  iphorm_11_10\" id=\"iphorm_11_10_69f7573e6b5bc\" type=\"text\" name=\"iphorm_11_10\"  value=\"\"  \/>\n                    <\/div>\n        <div class=\"iphorm-errors-wrap iphorm-hidden\" >\r\n    <\/div>    <\/div>\n    <\/div><div class=\"iphorm-element-wrap iphorm-element-wrap-text iphorm_11_11-element-wrap iphorm-clearfix iphorm-labels-above iphorm-element-required\" >\n    <div class=\"iphorm-element-spacer iphorm-element-spacer-text iphorm_11_11-element-spacer\">\n        <label for=\"iphorm_11_11_69f7573e6b5bc\" class=\"iphorm_11_11-outer-label\" >Indirizzo e-mail<span class=\"iphorm-required\">(richiesto)<\/span><\/label>        <div class=\"iphorm-input-wrap iphorm-input-wrap-text iphorm_11_11-input-wrap\" >\n            <input class=\"iphorm-element-text  iphorm_11_11\" id=\"iphorm_11_11_69f7573e6b5bc\" type=\"email\" name=\"iphorm_11_11\"  value=\"\"  \/>\n                    <\/div>\n        <div class=\"iphorm-errors-wrap iphorm-hidden\" >\r\n    <\/div>    <\/div>\n    <\/div><div class=\"iphorm-element-wrap iphorm-element-wrap-text iphorm_11_16-element-wrap iphorm-clearfix iphorm-labels-above iphorm-element-required\" >\n    <div class=\"iphorm-element-spacer iphorm-element-spacer-text iphorm_11_16-element-spacer\">\n        <label for=\"iphorm_11_16_69f7573e6b5bc\" class=\"iphorm_11_16-outer-label\" >Dove ha acquistato il suo pass 2026?<span class=\"iphorm-required\">(richiesto)<\/span><\/label>        <div class=\"iphorm-input-wrap iphorm-input-wrap-text iphorm_11_16-input-wrap\" >\n            <input class=\"iphorm-element-text  iphorm_11_16\" id=\"iphorm_11_16_69f7573e6b5bc\" type=\"text\" name=\"iphorm_11_16\"  value=\"\" placeholder=\"Esempio: Manor, Lugano\"  \/>\n                    <\/div>\n        <div class=\"iphorm-errors-wrap iphorm-hidden\" >\r\n    <\/div>    <\/div>\n    <\/div><div class=\"iphorm-element-wrap iphorm-element-wrap-text iphorm_11_17-element-wrap iphorm-clearfix iphorm-labels-above iphorm-element-required\" >\n    <div class=\"iphorm-element-spacer iphorm-element-spacer-text iphorm_11_17-element-spacer\">\n        <label for=\"iphorm_11_17_69f7573e6b5bc\" class=\"iphorm_11_17-outer-label\" >Numero di controllo del pass<span class=\"iphorm-required\">(richiesto)<\/span><\/label>        <div class=\"iphorm-input-wrap iphorm-input-wrap-text iphorm_11_17-input-wrap\" >\n            <input class=\"iphorm-element-text  iphorm_11_17\" id=\"iphorm_11_17_69f7573e6b5bc\" type=\"text\" name=\"iphorm_11_17\"  value=\"\" placeholder=\"Vedere ultima pagina del libretto\/pass\"  \/>\n                    <\/div>\n        <div class=\"iphorm-errors-wrap iphorm-hidden\" >\r\n    <\/div>    <\/div>\n    <\/div><div class=\"iphorm-element-wrap iphorm-element-wrap-text iphorm_11_2-element-wrap iphorm-clearfix iphorm-labels-above iphorm-element-required\" >\n    <div class=\"iphorm-element-spacer iphorm-element-spacer-text iphorm_11_2-element-spacer\">\n        <label for=\"iphorm_11_2_69f7573e6b5bc\" class=\"iphorm_11_2-outer-label\" >NOME DEL RISTORANTE PROPOSTO<span class=\"iphorm-required\">(richiesto)<\/span><\/label>        <div class=\"iphorm-input-wrap iphorm-input-wrap-text iphorm_11_2-input-wrap\" >\n            <input class=\"iphorm-element-text  iphorm_11_2\" id=\"iphorm_11_2_69f7573e6b5bc\" type=\"text\" name=\"iphorm_11_2\"  value=\"\"  \/>\n                    <\/div>\n        <div class=\"iphorm-errors-wrap iphorm-hidden\" >\r\n    <\/div>    <\/div>\n    <\/div><div class=\"iphorm-element-wrap iphorm-element-wrap-text iphorm_11_14-element-wrap iphorm-clearfix iphorm-labels-above iphorm-element-required\" >\n    <div class=\"iphorm-element-spacer iphorm-element-spacer-text iphorm_11_14-element-spacer\">\n        <label for=\"iphorm_11_14_69f7573e6b5bc\" class=\"iphorm_11_14-outer-label\" >LUOGO<span class=\"iphorm-required\">(richiesto)<\/span><\/label>        <div class=\"iphorm-input-wrap iphorm-input-wrap-text iphorm_11_14-input-wrap\" >\n            <input class=\"iphorm-element-text  iphorm_11_14\" id=\"iphorm_11_14_69f7573e6b5bc\" type=\"text\" name=\"iphorm_11_14\"  value=\"\"  \/>\n                    <\/div>\n        <div class=\"iphorm-errors-wrap iphorm-hidden\" >\r\n    <\/div>    <\/div>\n    <\/div><div class=\"iphorm-element-wrap iphorm-element-wrap-text iphorm_11_15-element-wrap iphorm-clearfix iphorm-labels-above iphorm-element-optional\" >\n    <div class=\"iphorm-element-spacer iphorm-element-spacer-text iphorm_11_15-element-spacer\">\n        <label for=\"iphorm_11_15_69f7573e6b5bc\" class=\"iphorm_11_15-outer-label\" >COGNOME DEL GERENTE\/PROPRIETARIO<\/label>        <div class=\"iphorm-input-wrap iphorm-input-wrap-text iphorm_11_15-input-wrap\" >\n            <input class=\"iphorm-element-text  iphorm_11_15\" id=\"iphorm_11_15_69f7573e6b5bc\" type=\"text\" name=\"iphorm_11_15\"  value=\"\"  \/>\n                    <\/div>\n        <div class=\"iphorm-errors-wrap iphorm-hidden\" >\r\n    <\/div>    <\/div>\n    <\/div><div class=\"iphorm-element-wrap iphorm-element-wrap-textarea iphorm_11_12-element-wrap iphorm-clearfix iphorm-labels-above iphorm-element-optional\" >\n    <div class=\"iphorm-element-spacer iphorm-element-spacer-textarea iphorm_11_12-element-spacer\">\n        <label for=\"iphorm_11_12_69f7573e6b5bc\" class=\"iphorm_11_12-outer-label\" >Eventuale messaggio che lei vorrebbe trasmetterci<\/label>        <div class=\"iphorm-input-wrap iphorm-input-wrap-textarea iphorm_11_12-input-wrap\" >\n            <textarea class=\"iphorm-element-textarea  iphorm_11_12\" id=\"iphorm_11_12_69f7573e6b5bc\" name=\"iphorm_11_12\"   rows=\"5\" cols=\"25\"><\/textarea>\n                    <\/div>\n        <div class=\"iphorm-errors-wrap iphorm-hidden\" >\r\n    <\/div>    <\/div>\n    <\/div><div class=\"iphorm-hidden\">\n    <label>Questo campo deve essere lasciato vuoto<input type=\"text\" name=\"iphorm_11_0\" \/><\/label>\n<\/div>                <div class=\"iphorm-submit-wrap iphorm-submit-wrap-11 iphorm-clearfix\" >\n                    <div class=\"iphorm-submit-input-wrap iphorm-submit-input-wrap-11\" >\n                        <button class=\"iphorm-submit-element\" type=\"submit\" name=\"iphorm_submit\" ><span ><em >Invia<\/em><\/span><\/button>\n                    <\/div>\n                    <div class=\"iphorm-loading-wrap\"><span class=\"iphorm-loading\">Si prega di attendere ...<\/span><\/div>\n                <\/div>\n            <\/div>\n                                            <\/div>\n            <\/form>\n    <script type=\"text\/javascript\">\n    jQuery('#iphorm-outer-69f7573e6b5bc script').remove();\n    <\/script>\n<\/div>\n<\/div><div class=\"fusion-clearfix\"><\/div><\/div><\/div><\/div><\/div>\n","protected":false},"excerpt":{"rendered":"","protected":false},"author":4,"featured_media":0,"parent":0,"menu_order":0,"comment_status":"open","ping_status":"closed","template":"","meta":{"footnotes":""},"class_list":["post-7275","page","type-page","status-publish","hentry"],"_links":{"self":[{"href":"https:\/\/www.buonaforchetta.ch\/cms\/wp-json\/wp\/v2\/pages\/7275"}],"collection":[{"href":"https:\/\/www.buonaforchetta.ch\/cms\/wp-json\/wp\/v2\/pages"}],"about":[{"href":"https:\/\/www.buonaforchetta.ch\/cms\/wp-json\/wp\/v2\/types\/page"}],"author":[{"embeddable":true,"href":"https:\/\/www.buonaforchetta.ch\/cms\/wp-json\/wp\/v2\/users\/4"}],"replies":[{"embeddable":true,"href":"https:\/\/www.buonaforchetta.ch\/cms\/wp-json\/wp\/v2\/comments?post=7275"}],"version-history":[{"count":11,"href":"https:\/\/www.buonaforchetta.ch\/cms\/wp-json\/wp\/v2\/pages\/7275\/revisions"}],"predecessor-version":[{"id":7300,"href":"https:\/\/www.buonaforchetta.ch\/cms\/wp-json\/wp\/v2\/pages\/7275\/revisions\/7300"}],"wp:attachment":[{"href":"https:\/\/www.buonaforchetta.ch\/cms\/wp-json\/wp\/v2\/media?parent=7275"}],"curies":[{"name":"wp","href":"https:\/\/api.w.org\/{rel}","templated":true}]}}